{"id":4473,"date":"2022-07-03T09:15:54","date_gmt":"2022-07-03T09:15:54","guid":{"rendered":"https:\/\/decemberhotel.vn\/?page_id=4473"},"modified":"2023-10-16T06:13:31","modified_gmt":"2023-10-16T06:13:31","slug":"noi-quy","status":"publish","type":"page","link":"https:\/\/decemberhotel.vn\/vi\/noi-quy\/","title":{"rendered":"N\u1ed8I QUY"},"content":{"rendered":"\t\t<div data-elementor-type=\"wp-page\" data-elementor-id=\"4473\" class=\"elementor elementor-4473\">\n\t\t\t\t\t\t<section class=\"elementor-section elementor-top-section elementor-element elementor-element-8e3751a elementor-section-boxed elementor-section-height-default elementor-section-height-default\" data-id=\"8e3751a\" data-element_type=\"section\" data-e-type=\"section\" data-settings=\"{&quot;hoteller_ext_is_background_parallax&quot;:&quot;false&quot;,&quot;hoteller_ext_is_background_on_scroll&quot;:&quot;false&quot;}\">\n\t\t\t\t\t\t<div class=\"elementor-container elementor-column-gap-default\">\n\t\t\t\t\t<div class=\"elementor-column elementor-col-100 elementor-top-column elementor-element elementor-element-2d28c6b\" data-id=\"2d28c6b\" data-element_type=\"column\" data-e-type=\"column\" data-settings=\"{&quot;hoteller_ext_link_sidemenu&quot;:&quot;false&quot;,&quot;hoteller_ext_link_fullmenu&quot;:&quot;false&quot;,&quot;hoteller_ext_is_scrollme&quot;:&quot;false&quot;,&quot;hoteller_ext_is_smoove&quot;:&quot;false&quot;,&quot;hoteller_ext_is_parallax_mouse&quot;:&quot;false&quot;,&quot;hoteller_ext_is_infinite&quot;:&quot;false&quot;,&quot;hoteller_ext_is_fadeout_animation&quot;:&quot;false&quot;}\">\n\t\t\t<div class=\"elementor-widget-wrap elementor-element-populated\">\n\t\t\t\t\t\t<div class=\"elementor-element elementor-element-ca0d5f1 elementor-widget elementor-widget-text-editor\" data-id=\"ca0d5f1\" data-element_type=\"widget\" data-e-type=\"widget\" data-settings=\"{&quot;hoteller_ext_link_sidemenu&quot;:&quot;false&quot;,&quot;hoteller_ext_link_fullmenu&quot;:&quot;false&quot;,&quot;hoteller_ext_is_scrollme&quot;:&quot;false&quot;,&quot;hoteller_ext_is_smoove&quot;:&quot;false&quot;,&quot;hoteller_ext_is_parallax_mouse&quot;:&quot;false&quot;,&quot;hoteller_ext_is_infinite&quot;:&quot;false&quot;,&quot;hoteller_ext_is_fadeout_animation&quot;:&quot;false&quot;}\" data-widget_type=\"text-editor.default\">\n\t\t\t\t<div class=\"elementor-widget-container\">\n\t\t\t\t\t\t\t\t\t<p><strong>&nbsp; &nbsp; &nbsp; &nbsp; &nbsp; &nbsp; &nbsp; &nbsp; &nbsp; &nbsp; &nbsp; &nbsp; &nbsp; &nbsp; &nbsp; &nbsp; &nbsp; &nbsp; &nbsp; &nbsp; &nbsp; &nbsp; &nbsp; &nbsp; &nbsp; &nbsp; &nbsp; &nbsp; &nbsp; &nbsp; &nbsp; &nbsp; &nbsp; &nbsp; &nbsp; &nbsp; &nbsp; &nbsp; &nbsp; &nbsp; &nbsp; HOTEL REGULATIONS<\/strong><br><strong>&nbsp; &nbsp; &nbsp; &nbsp; &nbsp; &nbsp; &nbsp; &nbsp; &nbsp; &nbsp; &nbsp; &nbsp; &nbsp; &nbsp; &nbsp; &nbsp; &nbsp; &nbsp; &nbsp; &nbsp; &nbsp; &nbsp; &nbsp; &nbsp; &nbsp; &nbsp; &nbsp; &nbsp; &nbsp; &nbsp; &nbsp; &nbsp; &nbsp; &nbsp; &nbsp; &nbsp; &nbsp; &nbsp; &nbsp; &nbsp; &nbsp; N\u1ed8I QUY KH\u00c1CH S\u1ea0N<\/strong><\/p>\n<p><b>TO ENSURE A MOST SAFE AND COMFORTABLE STAY FOR OUR GUESTS WE KINDLY ASK YOU TOOBSERVE OUR \u2018HOTEL REGULATIONS\u2019 AS FOLLOWS:<br><\/b><span style=\"font-size: 16px; letter-spacing: 0px;\">\u0110\u1ec2 \u0110\u1ea2M B\u1ea2O DUY TR\u00cc M\u1ed8T K\u1ef2 NGH\u1ec8 AN TO\u00c0N V\u00c0 TI\u1ec6N L\u1ee2I CHO QU\u00dd KH\u00c1CH TRONG TH\u1edcI GIAN L\u01afU TR\u00da T\u1ea0I KH\u00c1CH S\u1ea0N, CH\u00daNG T\u00d4I M\u1edcI QU\u00dd KH\u00c1CH XEM V\u00c0 TU\u00c2N TH\u1ee6 C\u00c1C QUY \u0110\u1ecaNH C\u1ee6A KH\u00c1CH S\u1ea0N NH\u01af SAU:<\/span><\/p>\n<p><strong>1.&nbsp;<\/strong><span style=\"font-size: 16px; letter-spacing: 0px;\"><strong>Please ensure that you show a valid identification at the Front Desk upon check in. (ID Card forVietnamese Residents)<\/strong><br><\/span><span style=\"font-size: 16px; letter-spacing: 0px;\">Vui l\u00f2ng xu\u1ea5t tr\u00ecnh h\u1ed9 chi\u1ebfu c\u00f3 th\u1ecb th\u1ef1c xu\u1ea5t nh\u1eadp c\u1ea3nh h\u1ee3p l\u1ec7 khi l\u00e0m th\u1ee7 t\u1ee5c nh\u1eadn ph\u00f2ng (CMND n\u1ebfu l\u00e0 c\u00f4ng d\u00e2n qu\u1ed1c t\u1ecbch Vi\u1ec7t Nam).<\/span><\/p>\n<p><strong>2. The following items are prohibited in the guest rooms: any weapons, toxic or flammable items.<\/strong><br><span style=\"font-size: 16px; letter-spacing: 0px;\">Nghi\u00eam c\u1ea5m vi\u1ec7c mang v\u00e0o kh\u00e1ch s\u1ea1n c\u00e1c v\u1eadt d\u1ee5ng nh\u01b0 v\u0169 kh\u00ed, \u0111\u1ed9c d\u01b0\u1ee3c v\u00e0 c\u00e1c ch\u1ea5t g\u00e2y n\u1ed5 kh\u00e1c.<\/span><\/p>\n<p><strong>3. It is prohibited to gamble and use drugs in the hotel. Guests will be held fully responsible for anyviolations of the Vietnamese Law.<\/strong><br><span style=\"font-size: 16px; letter-spacing: 0px;\">Nghi\u00eam c\u1ea5m m\u1ecdi h\u00ecnh th\u1ee9c c\u1edd b\u1ea1c, s\u1eed d\u1ee5ng ma t\u00fay trong khu v\u1ef1c Kh\u00e1ch s\u1ea1n. Qu\u00fd kh\u00e1ch ph\u1ea3i ho\u00e0n to\u00e0n ch\u1ecbu tr\u00e1ch nhi\u1ec7m tr\u01b0\u1edbc ph\u00e1p lu\u1eadt Vi\u1ec7t Nam v\u00e0 Kh\u00e1ch s\u1ea1n n\u1ebfu vi ph\u1ea1m.<\/span><\/p>\n<p><strong>4. You are not allowed to bring pets and many types of foods into the hotel (please check with ourreception team for a certain item).<\/strong><br><span style=\"font-size: 16px; letter-spacing: 0px;\">Kh\u00f4ng \u0111\u01b0\u1ee3c mang th\u00fa nu\u00f4i v\u00e0 c\u00e1c lo\u1ea1i \u0111\u1ed3 \u0103n c\u00f3 m\u00f9i v\u00e0o Kh\u00e1ch s\u1ea1n (vui l\u00f2ng ki\u1ec3m tra v\u1edbi b\u1ed9 ph\u1eadn l\u1ec5 t\u00e2n cho t\u1eebng lo\u1ea1i c\u1ee5 th\u1ec3).<\/span><\/p>\n<p><strong>5. It is prohibited to cook or smoke in any guest room. December Hotel is committed to providing asmoking-free environment in nonsmoking guest rooms and public spaces. Our hotel enforces a strict non-smoking policy and also certain foods are forbidden to be eaten in our guest rooms and within the hotel.Please note that mandatory fines VND 4,000,000 to VND 4,500,000 are imposed for any breaches ofthese regulations.<\/strong><br><span style=\"font-size: 16px; letter-spacing: 0px;\">Kh\u00e1ch s\u1ea1n c\u1ee7a ch\u00fang t\u00f4i th\u1ef1c hi\u1ec7n ch\u00ednh s\u00e1ch nghi\u00eam ng\u1eb7t v\u1ec1 vi\u1ec7c kh\u00f4ng n\u1ea5u \u0103n, kh\u00f4ng h\u00fat thu\u1ed1c c\u0169ng nh\u01b0 m\u1ed9t s\u1ed1 lo\u1ea1i th\u1ef1c ph\u1ea9m nh\u01b0 s\u1ea7u ri\u00eang, m\u0103ng c\u1ee5t, h\u1ea3i s\u1ea3n kh\u00f4ng \u0111\u01b0\u1ee3c mang v\u00e0o ph\u00f2ng \u1edf v\u00e0 trong kh\u00e1ch s\u1ea1n. Xin l\u01b0u \u00fd r\u1eb1ng m\u1ed9t kho\u1ea3n ph\u00ed b\u1eaft bu\u1ed9c t\u1eeb VND 4,000,000 \u0111\u1ebfn 4,500,000 s\u1ebd \u0111\u01b0\u1ee3c \u00e1p d\u1ee5ng n\u1ebfu kh\u00e1ch h\u00e0ng vi ph\u1ea1m ch\u00ednh s\u00e1ch tr\u00ean.<\/span><\/p>\n<p><strong>6. Guests are responsible for any damages to hotel facilities.<\/strong><br><span style=\"font-size: 16px; letter-spacing: 0px;\">Qu\u00fd kh\u00e1ch ph\u1ea3i ch\u1ecbu ho\u00e0n to\u00e0n tr\u00e1ch nhi\u1ec7m v\u1edbi h\u01b0 h\u1ecfng c\u00e1c trang thi\u1ebft b\u1ecb trong ph\u00f2ng do Qu\u00fd kh\u00e1ch g\u00e2y ra.<\/span><\/p>\n<p><strong>7. Your valuables such as jewelry, money and personal electronic equipment must be kept in the safetybox provided in room or deposited at the Front Desk. The hotel will not be responsible for any loss ifguests do not follow this regulation.<\/strong><br><span style=\"font-size: 16px; letter-spacing: 0px;\">T\u00e0i s\u1ea3n c\u00f3 gi\u00e1 tr\u1ecb nh\u01b0 \u0111\u1ed3 trang s\u1ee9c, ti\u1ec1n v\u00e0 c\u00e1c thi\u1ebft b\u1ecb \u0111i\u1ec7n t\u1eed c\u00e1 nh\u00e2n ph\u1ea3i \u0111\u01b0\u1ee3c c\u1ea5t gi\u1eef trong k\u00e9t s\u1eaft t\u1ea1i ph\u00f2ng ho\u1eb7c k\u00ed g\u1eedi t\u1ea1i qu\u1ea7y l\u1ec5 t\u00e2n. Kh\u00e1ch s\u1ea1n s\u1ebd kh\u00f4ng ch\u1ecbu tr\u00e1ch nhi\u1ec7m \u0111\u1ed1i v\u1edbi nh\u1eefng m\u1ea5t m\u00e1t n\u1ebfu kh\u00e1ch kh\u00f4ng th\u1ef1c hi\u1ec7n nh\u1eefng n\u1ed9i quy tr\u00ean.<\/span><\/p>\n<p><strong>8. All visitors must register at Front Desk. Visitors are only permitted in guest rooms, after registration,between 09h00 and 21h00. No visitors are permitted by law between 21h00 and 09h00.<\/strong><br><span style=\"font-size: 16px; letter-spacing: 0px;\">Ng\u01b0\u1eddi th\u00e2n \u0111\u1ebfn th\u0103m ph\u1ea3i \u0111\u0103ng k\u00ed t\u1ea1i qu\u1ea7y l\u1ec5 t\u00e2n. Ng\u01b0\u1eddi th\u00e2n ch\u1ec9 c\u00f3 th\u1ec3 \u0111\u01b0\u1ee3c \u0111\u0103ng k\u00fd t\u1eeb 09h00 \u0111\u1ebfn 21h00. Theo lu\u1eadt \u0111\u1ecbnh, kh\u00f4ng ng\u01b0\u1eddi th\u00e2n n\u00e0o \u0111\u01b0\u1ee3c ph\u00e9p \u0111\u0103ng k\u00fd t\u1eeb 21h00 \u0111\u1ebfn 09h00.<\/span><\/p>\n<p><strong>9. Please do not turn the TV volume loud or make noise to others in hotel.<\/strong><br><span style=\"font-size: 16px; letter-spacing: 0px;\">Kh\u00f4ng m\u1edf ti\u1ebfng tivi qu\u00e1 to ho\u1eb7c g\u00e2y ti\u1ebfng \u1ed3n l\u00e0m \u1ea3nh h\u01b0\u1edfng \u0111\u1ebfn nh\u1eefng ng\u01b0\u1eddi xung quanh.<\/span><\/p>\n<p><strong>10. For security reasons please do not change your room or relocate any personal belongings in the hotelwithout informing the Front Desk.<\/strong><br><span style=\"font-size: 16px; letter-spacing: 0px;\">V\u00ec l\u00fd do an ninh, Qu\u00fd kh\u00e1ch vui l\u00f2ng kh\u00f4ng t\u1ef1 \u00fd \u0111\u1ed5i ph\u00f2ng ho\u1eb7c di chuy\u1ec3n trang thi\u1ebft b\u1ecb trong ph\u00f2ng sang ph\u00f2ng kh\u00e1c m\u00e0 kh\u00f4ng th\u00f4ng b\u00e1o cho qu\u1ea7y l\u1ec5 t\u00e2n.<\/span><\/p>\n<p><strong>11. In case of fire please remain calm and take the nearest stairs to the emergency exit. Please do not usethe elevators.<\/strong><br><span style=\"font-size: 16px; letter-spacing: 0px;\">Khi nghe chu\u00f4ng b\u00e1o ch\u00e1y, Qu\u00fd kh\u00e1ch h\u00e3y gi\u1eef b\u00ecnh t\u0129nh tho\u00e1t ra ngo\u00e0i theo c\u1ea7u thang tho\u00e1t hi\u1ec3m g\u1ea7n nh\u1ea5t. Kh\u00f4ng \u0111\u01b0\u1ee3c s\u1eed d\u1ee5ng thang m\u00e1y trong tr\u01b0\u1eddng h\u1ee3p c\u00f3 \u0111\u00e1m ch\u00e1y x\u1ea3y ra.<\/span><\/p>\n<p><strong>12. Our check in time is from 14h00 and the check-out time is at 12h00.<\/strong><br><span style=\"font-size: 16px; letter-spacing: 0px;\">Gi\u1edd nh\u1eadn ph\u00f2ng t\u1eeb 14h00 v\u00e0 gi\u1edd tr\u1ea3 ph\u00f2ng l\u00e0 tr\u01b0\u1edbc 12h00.<\/span><\/p>\n<p>&nbsp; &nbsp; &nbsp; &nbsp; &nbsp; &nbsp; &nbsp; &nbsp; &nbsp; &nbsp; &nbsp; &nbsp; &nbsp; &nbsp; &nbsp; &nbsp; &nbsp; &nbsp; &nbsp; &nbsp; &nbsp; &nbsp; &nbsp; &nbsp; &nbsp; &nbsp; &nbsp; &nbsp; &nbsp; &nbsp; &nbsp; &nbsp; &nbsp; &nbsp; &nbsp; &nbsp; &nbsp; &nbsp; &nbsp; &nbsp; &nbsp; &nbsp; &nbsp; &nbsp; &nbsp; &nbsp; &nbsp; &nbsp; &nbsp; &nbsp; &nbsp; &nbsp; &nbsp; &nbsp; &nbsp; &nbsp; &nbsp; &nbsp; <strong>&nbsp; &nbsp; &nbsp; &nbsp; DECEMBER HOTEL MANAGEMENT TEAM&nbsp;&nbsp;<\/strong><\/p>\t\t\t\t\t\t\t\t<\/div>\n\t\t\t\t<\/div>\n\t\t\t\t\t<\/div>\n\t\t<\/div>\n\t\t\t\t\t<\/div>\n\t\t<\/section>\n\t\t\t\t<\/div>\n\t\t","protected":false},"excerpt":{"rendered":"<p>&nbsp; &nbsp; &nbsp; &nbsp; &nbsp; &nbsp; &nbsp; &nbsp; &nbsp; &nbsp; &nbsp; &nbsp; &nbsp; &nbsp; &nbsp; &nbsp; &nbsp; &nbsp; &nbsp; &nbsp; &nbsp; &nbsp; &nbsp; &nbsp; &nbsp; &nbsp; &nbsp; &nbsp; &nbsp; &nbsp; &nbsp; &nbsp; &nbsp; &nbsp; &nbsp; &nbsp; &nbsp; &nbsp; &nbsp; &nbsp; [&hellip;]<\/p>\n","protected":false},"author":2,"featured_media":0,"parent":0,"menu_order":0,"comment_status":"closed","ping_status":"closed","template":"","meta":{"footnotes":""},"class_list":["post-4473","page","type-page","status-publish","hentry"],"yoast_head":"<!-- This site is optimized with the Yoast SEO plugin v24.3 - https:\/\/yoast.com\/wordpress\/plugins\/seo\/ -->\n<title>N\u1ed8I QUY - December Hotel<\/title>\n<meta name=\"robots\" content=\"noindex, follow, max-snippet:-1, max-image-preview:large, max-video-preview:-1\" \/>\n<meta property=\"og:locale\" content=\"vi_VN\" \/>\n<meta property=\"og:type\" content=\"article\" \/>\n<meta property=\"og:title\" content=\"N\u1ed8I QUY - December Hotel\" \/>\n<meta property=\"og:description\" content=\"&nbsp; &nbsp; &nbsp; &nbsp; &nbsp; &nbsp; &nbsp; &nbsp; &nbsp; &nbsp; &nbsp; &nbsp; &nbsp; &nbsp; &nbsp; &nbsp; &nbsp; &nbsp; &nbsp; &nbsp; &nbsp; &nbsp; &nbsp; &nbsp; &nbsp; &nbsp; &nbsp; &nbsp; &nbsp; &nbsp; &nbsp; &nbsp; &nbsp; &nbsp; &nbsp; &nbsp; &nbsp; &nbsp; &nbsp; &nbsp; [&hellip;]\" \/>\n<meta property=\"og:url\" content=\"https:\/\/decemberhotel.vn\/vi\/noi-quy\/\" \/>\n<meta property=\"og:site_name\" content=\"December Hotel\" \/>\n<meta property=\"article:publisher\" content=\"https:\/\/www.facebook.com\/thedecemberhotel\" \/>\n<meta property=\"article:modified_time\" content=\"2023-10-16T06:13:31+00:00\" \/>\n<meta property=\"og:image\" content=\"https:\/\/decemberhotel.vn\/wp-content\/uploads\/2023\/02\/36-1-scaled.jpg\" \/>\n\t<meta property=\"og:image:width\" content=\"2560\" \/>\n\t<meta property=\"og:image:height\" content=\"1706\" \/>\n\t<meta property=\"og:image:type\" content=\"image\/jpeg\" \/>\n<meta name=\"twitter:card\" content=\"summary_large_image\" \/>\n<meta name=\"twitter:label1\" content=\"Est. reading time\" \/>\n\t<meta name=\"twitter:data1\" content=\"4 minutes\" \/>\n<script type=\"application\/ld+json\" class=\"yoast-schema-graph\">{\"@context\":\"https:\/\/schema.org\",\"@graph\":[{\"@type\":\"WebPage\",\"@id\":\"https:\/\/decemberhotel.vn\/vi\/noi-quy\/\",\"url\":\"https:\/\/decemberhotel.vn\/vi\/noi-quy\/\",\"name\":\"N\u1ed8I QUY - December Hotel\",\"isPartOf\":{\"@id\":\"https:\/\/decemberhotel.vn\/vi\/#website\"},\"datePublished\":\"2022-07-03T09:15:54+00:00\",\"dateModified\":\"2023-10-16T06:13:31+00:00\",\"breadcrumb\":{\"@id\":\"https:\/\/decemberhotel.vn\/vi\/noi-quy\/#breadcrumb\"},\"inLanguage\":\"vi-VN\",\"potentialAction\":[{\"@type\":\"ReadAction\",\"target\":[\"https:\/\/decemberhotel.vn\/vi\/noi-quy\/\"]}]},{\"@type\":\"BreadcrumbList\",\"@id\":\"https:\/\/decemberhotel.vn\/vi\/noi-quy\/#breadcrumb\",\"itemListElement\":[{\"@type\":\"ListItem\",\"position\":1,\"name\":\"Home\",\"item\":\"https:\/\/decemberhotel.vn\/vi\/\"},{\"@type\":\"ListItem\",\"position\":2,\"name\":\"N\u1ed8I QUY\"}]},{\"@type\":\"WebSite\",\"@id\":\"https:\/\/decemberhotel.vn\/vi\/#website\",\"url\":\"https:\/\/decemberhotel.vn\/vi\/\",\"name\":\"December Hotel\",\"description\":\"December to Remember\",\"publisher\":{\"@id\":\"https:\/\/decemberhotel.vn\/vi\/#organization\"},\"potentialAction\":[{\"@type\":\"SearchAction\",\"target\":{\"@type\":\"EntryPoint\",\"urlTemplate\":\"https:\/\/decemberhotel.vn\/vi\/?s={search_term_string}\"},\"query-input\":{\"@type\":\"PropertyValueSpecification\",\"valueRequired\":true,\"valueName\":\"search_term_string\"}}],\"inLanguage\":\"vi-VN\"},{\"@type\":\"Organization\",\"@id\":\"https:\/\/decemberhotel.vn\/vi\/#organization\",\"name\":\"December Hotel\",\"url\":\"https:\/\/decemberhotel.vn\/vi\/\",\"logo\":{\"@type\":\"ImageObject\",\"inLanguage\":\"vi-VN\",\"@id\":\"https:\/\/decemberhotel.vn\/vi\/#\/schema\/logo\/image\/\",\"url\":\"https:\/\/decemberhotel.vn\/wp-content\/uploads\/2022\/12\/logo3.png\",\"contentUrl\":\"https:\/\/decemberhotel.vn\/wp-content\/uploads\/2022\/12\/logo3.png\",\"width\":1407,\"height\":699,\"caption\":\"December Hotel\"},\"image\":{\"@id\":\"https:\/\/decemberhotel.vn\/vi\/#\/schema\/logo\/image\/\"},\"sameAs\":[\"https:\/\/www.facebook.com\/thedecemberhotel\",\"https:\/\/www.instagram.com\/decemberhotelnhatrang\/\"]}]}<\/script>\n<!-- \/ Yoast SEO plugin. -->","yoast_head_json":{"title":"N\u1ed8I QUY - December Hotel","robots":{"index":"noindex","follow":"follow","max-snippet":"max-snippet:-1","max-image-preview":"max-image-preview:large","max-video-preview":"max-video-preview:-1"},"og_locale":"vi_VN","og_type":"article","og_title":"N\u1ed8I QUY - December Hotel","og_description":"&nbsp; &nbsp; &nbsp; &nbsp; &nbsp; &nbsp; &nbsp; &nbsp; &nbsp; &nbsp; &nbsp; &nbsp; &nbsp; &nbsp; &nbsp; &nbsp; &nbsp; &nbsp; &nbsp; &nbsp; &nbsp; &nbsp; &nbsp; &nbsp; &nbsp; &nbsp; &nbsp; &nbsp; &nbsp; &nbsp; &nbsp; &nbsp; &nbsp; &nbsp; &nbsp; &nbsp; &nbsp; &nbsp; &nbsp; &nbsp; [&hellip;]","og_url":"https:\/\/decemberhotel.vn\/vi\/noi-quy\/","og_site_name":"December Hotel","article_publisher":"https:\/\/www.facebook.com\/thedecemberhotel","article_modified_time":"2023-10-16T06:13:31+00:00","og_image":[{"width":2560,"height":1706,"url":"https:\/\/decemberhotel.vn\/wp-content\/uploads\/2023\/02\/36-1-scaled.jpg","type":"image\/jpeg"}],"twitter_card":"summary_large_image","twitter_misc":{"Est. reading time":"4 minutes"},"schema":{"@context":"https:\/\/schema.org","@graph":[{"@type":"WebPage","@id":"https:\/\/decemberhotel.vn\/vi\/noi-quy\/","url":"https:\/\/decemberhotel.vn\/vi\/noi-quy\/","name":"N\u1ed8I QUY - December Hotel","isPartOf":{"@id":"https:\/\/decemberhotel.vn\/vi\/#website"},"datePublished":"2022-07-03T09:15:54+00:00","dateModified":"2023-10-16T06:13:31+00:00","breadcrumb":{"@id":"https:\/\/decemberhotel.vn\/vi\/noi-quy\/#breadcrumb"},"inLanguage":"vi-VN","potentialAction":[{"@type":"ReadAction","target":["https:\/\/decemberhotel.vn\/vi\/noi-quy\/"]}]},{"@type":"BreadcrumbList","@id":"https:\/\/decemberhotel.vn\/vi\/noi-quy\/#breadcrumb","itemListElement":[{"@type":"ListItem","position":1,"name":"Home","item":"https:\/\/decemberhotel.vn\/vi\/"},{"@type":"ListItem","position":2,"name":"N\u1ed8I QUY"}]},{"@type":"WebSite","@id":"https:\/\/decemberhotel.vn\/vi\/#website","url":"https:\/\/decemberhotel.vn\/vi\/","name":"December Hotel","description":"December to Remember","publisher":{"@id":"https:\/\/decemberhotel.vn\/vi\/#organization"},"potentialAction":[{"@type":"SearchAction","target":{"@type":"EntryPoint","urlTemplate":"https:\/\/decemberhotel.vn\/vi\/?s={search_term_string}"},"query-input":{"@type":"PropertyValueSpecification","valueRequired":true,"valueName":"search_term_string"}}],"inLanguage":"vi-VN"},{"@type":"Organization","@id":"https:\/\/decemberhotel.vn\/vi\/#organization","name":"December Hotel","url":"https:\/\/decemberhotel.vn\/vi\/","logo":{"@type":"ImageObject","inLanguage":"vi-VN","@id":"https:\/\/decemberhotel.vn\/vi\/#\/schema\/logo\/image\/","url":"https:\/\/decemberhotel.vn\/wp-content\/uploads\/2022\/12\/logo3.png","contentUrl":"https:\/\/decemberhotel.vn\/wp-content\/uploads\/2022\/12\/logo3.png","width":1407,"height":699,"caption":"December Hotel"},"image":{"@id":"https:\/\/decemberhotel.vn\/vi\/#\/schema\/logo\/image\/"},"sameAs":["https:\/\/www.facebook.com\/thedecemberhotel","https:\/\/www.instagram.com\/decemberhotelnhatrang\/"]}]}},"_links":{"self":[{"href":"https:\/\/decemberhotel.vn\/vi\/wp-json\/wp\/v2\/pages\/4473","targetHints":{"allow":["GET"]}}],"collection":[{"href":"https:\/\/decemberhotel.vn\/vi\/wp-json\/wp\/v2\/pages"}],"about":[{"href":"https:\/\/decemberhotel.vn\/vi\/wp-json\/wp\/v2\/types\/page"}],"author":[{"embeddable":true,"href":"https:\/\/decemberhotel.vn\/vi\/wp-json\/wp\/v2\/users\/2"}],"replies":[{"embeddable":true,"href":"https:\/\/decemberhotel.vn\/vi\/wp-json\/wp\/v2\/comments?post=4473"}],"version-history":[{"count":12,"href":"https:\/\/decemberhotel.vn\/vi\/wp-json\/wp\/v2\/pages\/4473\/revisions"}],"predecessor-version":[{"id":5366,"href":"https:\/\/decemberhotel.vn\/vi\/wp-json\/wp\/v2\/pages\/4473\/revisions\/5366"}],"wp:attachment":[{"href":"https:\/\/decemberhotel.vn\/vi\/wp-json\/wp\/v2\/media?parent=4473"}],"curies":[{"name":"wp","href":"https:\/\/api.w.org\/{rel}","templated":true}]}}