{"id":4403,"date":"2022-07-03T09:17:02","date_gmt":"2022-07-03T09:17:02","guid":{"rendered":"https:\/\/decemberhotel.vn\/?page_id=4403"},"modified":"2024-05-15T03:59:26","modified_gmt":"2024-05-15T03:59:26","slug":"elementor-4403","status":"publish","type":"page","link":"https:\/\/decemberhotel.vn\/vi\/elementor-4403\/","title":{"rendered":"\u1ea8m Th\u1ef1c"},"content":{"rendered":"\t\t<div data-elementor-type=\"wp-page\" data-elementor-id=\"4403\" class=\"elementor elementor-4403\">\n\t\t\t\t\t\t<section class=\"elementor-section elementor-top-section elementor-element elementor-element-e559b78 elementor-section-full_width elementor-section-stretched elementor-section-height-default elementor-section-height-default\" data-id=\"e559b78\" data-element_type=\"section\" data-e-type=\"section\" data-settings=\"{&quot;stretch_section&quot;:&quot;section-stretched&quot;,&quot;hoteller_ext_is_background_parallax&quot;:&quot;false&quot;,&quot;hoteller_ext_is_background_on_scroll&quot;:&quot;false&quot;}\">\n\t\t\t\t\t\t<div class=\"elementor-container elementor-column-gap-default\">\n\t\t\t\t\t<div class=\"elementor-column elementor-col-100 elementor-top-column elementor-element elementor-element-4fddd5c\" data-id=\"4fddd5c\" data-element_type=\"column\" data-e-type=\"column\" data-settings=\"{&quot;hoteller_ext_link_sidemenu&quot;:&quot;false&quot;,&quot;hoteller_ext_link_fullmenu&quot;:&quot;false&quot;,&quot;hoteller_ext_is_scrollme&quot;:&quot;false&quot;,&quot;hoteller_ext_is_smoove&quot;:&quot;false&quot;,&quot;hoteller_ext_is_parallax_mouse&quot;:&quot;false&quot;,&quot;hoteller_ext_is_infinite&quot;:&quot;false&quot;,&quot;hoteller_ext_is_fadeout_animation&quot;:&quot;false&quot;}\">\n\t\t\t<div class=\"elementor-widget-wrap elementor-element-populated\">\n\t\t\t\t\t\t<div class=\"elementor-element elementor-element-376544d elementor-widget elementor-widget-hoteller-slider-parallax\" data-id=\"376544d\" data-element_type=\"widget\" data-e-type=\"widget\" data-settings=\"{&quot;hoteller_ext_link_sidemenu&quot;:&quot;false&quot;,&quot;hoteller_ext_link_fullmenu&quot;:&quot;false&quot;,&quot;hoteller_ext_is_scrollme&quot;:&quot;false&quot;,&quot;hoteller_ext_is_smoove&quot;:&quot;false&quot;,&quot;hoteller_ext_is_parallax_mouse&quot;:&quot;false&quot;,&quot;hoteller_ext_is_infinite&quot;:&quot;false&quot;,&quot;hoteller_ext_is_fadeout_animation&quot;:&quot;false&quot;}\" data-widget_type=\"hoteller-slider-parallax.default\">\n\t\t\t\t<div class=\"elementor-widget-container\">\n\t\t\t\t\t<div class=\"slider_parallax_wrapper\" data-autoplay=\"0\" data-pagination=\"1\" data-navigation=\"1\">\n\t<div class=\"slider_parallax_inner\">\n\t\t<div class=\"slider_parallax_slides\">\n\t\t\t\t\t\t<div class=\"slide is-active \">\n\t\t          \t<div class=\"slide-content\">\n\t\t            \t<div class=\"caption\">\n\t\t\t\t\t\t\t<div class=\"title\"><h2>\u1ea8M TH\u1ef0C<\/h2><\/div>\n\t\t\t\t\t\t\t<div class=\"text\">\n\t\t                \t\t\t\t              \t\t<\/div> \n\t\t\t                \t\t            \t<\/div>\n\t\t          \t<\/div>\n\t\t\t\t  \t<div class=\"image-container\"> \n\t\t            \t<img decoding=\"async\" src=\"https:\/\/decemberhotel.vn\/wp-content\/uploads\/2023\/02\/56-1-scaled.jpg\" alt=\"\" class=\"image\" \/>\n\t\t          \t<\/div>\n\t\t        <\/div>\n\t\t\t\t\t\t<div class=\"slide  \">\n\t\t          \t<div class=\"slide-content\">\n\t\t            \t<div class=\"caption\">\n\t\t\t\t\t\t\t<div class=\"title\"><h2>\u1ea8M TH\u1ef0C<\/h2><\/div>\n\t\t\t\t\t\t\t<div class=\"text\">\n\t\t                \t\t\t\t              \t\t<\/div> \n\t\t\t                \t\t            \t<\/div>\n\t\t          \t<\/div>\n\t\t\t\t  \t<div class=\"image-container\"> \n\t\t            \t<img decoding=\"async\" src=\"https:\/\/decemberhotel.vn\/wp-content\/uploads\/2023\/02\/Decemberaaaa1119-1.jpg\" alt=\"\" class=\"image\" \/>\n\t\t          \t<\/div>\n\t\t        <\/div>\n\t\t\t\t<\/div>\n\t\t\t\t<div class=\"pagination\">\n\t\t\t\t\t        <div class=\"item is-active\"> \n\t\t          <span class=\"icon\">1<\/span>\n\t\t        <\/div>\n\t        \t\t        <div class=\"item \"> \n\t\t          <span class=\"icon\">2<\/span>\n\t\t        <\/div>\n\t        \t    <\/div>\n\t    \t    \t    <div class=\"arrows\">\n\t        <div class=\"arrow prev\">\n\t          <span class=\"svg svg-arrow-left\">\n\t            <svg version=\"1.1\" id=\"svg4-Layer_1\" xmlns=\"http:\/\/www.w3.org\/2000\/svg\" xmlns:xlink=\"http:\/\/www.w3.org\/1999\/xlink\" x=\"0px\" y=\"0px\" width=\"14px\" height=\"26px\" viewBox=\"0 0 14 26\" enable-background=\"new 0 0 14 26\" xml:space=\"preserve\"> <path d=\"M13,26c-0.256,0-0.512-0.098-0.707-0.293l-12-12c-0.391-0.391-0.391-1.023,0-1.414l12-12c0.391-0.391,1.023-0.391,1.414,0s0.391,1.023,0,1.414L2.414,13l11.293,11.293c0.391,0.391,0.391,1.023,0,1.414C13.512,25.902,13.256,26,13,26z\"\/> <\/svg>\n\t            <span class=\"alt sr-only\"><\/span>\n\t          <\/span>\n\t        <\/div>\n\t        <div class=\"arrow next\">\n\t          <span class=\"svg svg-arrow-right\">\n\t            <svg version=\"1.1\" id=\"svg5-Layer_1\" xmlns=\"http:\/\/www.w3.org\/2000\/svg\" xmlns:xlink=\"http:\/\/www.w3.org\/1999\/xlink\" x=\"0px\" y=\"0px\" width=\"14px\" height=\"26px\" viewBox=\"0 0 14 26\" enable-background=\"new 0 0 14 26\" xml:space=\"preserve\"> <path d=\"M1,0c0.256,0,0.512,0.098,0.707,0.293l12,12c0.391,0.391,0.391,1.023,0,1.414l-12,12c-0.391,0.391-1.023,0.391-1.414,0s-0.391-1.023,0-1.414L11.586,13L0.293,1.707c-0.391-0.391-0.391-1.023,0-1.414C0.488,0.098,0.744,0,1,0z\"\/> <\/svg>\n\t            <span class=\"alt sr-only\"><\/span>\n\t          <\/span>\n\t        <\/div>\n\t    <\/div>\n\t    \t<\/div>\n<\/div>\n\t\t\t\t<\/div>\n\t\t\t\t<\/div>\n\t\t\t\t\t<\/div>\n\t\t<\/div>\n\t\t\t\t\t<\/div>\n\t\t<\/section>\n\t\t\t\t<section class=\"elementor-section elementor-top-section elementor-element elementor-element-4297f3d elementor-section-boxed elementor-section-height-default elementor-section-height-default\" data-id=\"4297f3d\" data-element_type=\"section\" data-e-type=\"section\" data-settings=\"{&quot;hoteller_ext_is_background_parallax&quot;:&quot;false&quot;,&quot;hoteller_ext_is_background_on_scroll&quot;:&quot;false&quot;}\">\n\t\t\t\t\t\t<div class=\"elementor-container elementor-column-gap-default\">\n\t\t\t\t\t<div class=\"elementor-column elementor-col-100 elementor-top-column elementor-element elementor-element-a7b0d3a\" data-id=\"a7b0d3a\" data-element_type=\"column\" data-e-type=\"column\" data-settings=\"{&quot;hoteller_ext_link_sidemenu&quot;:&quot;false&quot;,&quot;hoteller_ext_link_fullmenu&quot;:&quot;false&quot;,&quot;hoteller_ext_is_scrollme&quot;:&quot;false&quot;,&quot;hoteller_ext_is_smoove&quot;:&quot;false&quot;,&quot;hoteller_ext_is_parallax_mouse&quot;:&quot;false&quot;,&quot;hoteller_ext_is_infinite&quot;:&quot;false&quot;,&quot;hoteller_ext_is_fadeout_animation&quot;:&quot;false&quot;}\">\n\t\t\t<div class=\"elementor-widget-wrap elementor-element-populated\">\n\t\t\t\t\t\t<div class=\"elementor-element elementor-element-1df36a7 elementor-widget elementor-widget-text-editor\" data-id=\"1df36a7\" data-element_type=\"widget\" data-e-type=\"widget\" data-settings=\"{&quot;hoteller_ext_link_sidemenu&quot;:&quot;false&quot;,&quot;hoteller_ext_link_fullmenu&quot;:&quot;false&quot;,&quot;hoteller_ext_is_scrollme&quot;:&quot;false&quot;,&quot;hoteller_ext_is_smoove&quot;:&quot;false&quot;,&quot;hoteller_ext_is_parallax_mouse&quot;:&quot;false&quot;,&quot;hoteller_ext_is_infinite&quot;:&quot;false&quot;,&quot;hoteller_ext_is_fadeout_animation&quot;:&quot;false&quot;}\" data-widget_type=\"text-editor.default\">\n\t\t\t\t<div class=\"elementor-widget-container\">\n\t\t\t\t\t\t\t\t\t<p style=\"text-align: center;\"><span style=\"font-size: 16px; letter-spacing: 0px; color: #222222;\">Kh\u00e1ch s\u1ea1n December mang \u0111\u1ebfn nh\u1eefng tr\u1ea3i nghi\u1ec7m \u1ea9m th\u1ef1c m\u1edbi l\u1ea1, th\u1ef1c \u0111\u01a1n phong ph\u00fa t\u1eeb \u1ea9m th\u1ef1c qu\u1ed1c t\u1ebf \u0111\u1ebfn c\u00e1c m\u00f3n \u0103n truy\u1ec1n th\u1ed1ng \u0111\u1ecba ph\u01b0\u01a1ng, tr\u1ea3i nghi\u1ec7m t\u1ea1i kh\u00f4ng gian sang tr\u1ecdng nh\u01b0ng \u1ea5m c\u00fang nh\u01b0 c\u0103n b\u1ebfp nh\u00e0.<\/span><\/p><p><strong><u>Nh\u00e0 h\u00e0ng 12 Kitchen \u2013 T\u1ea7ng 4<\/u><\/strong><\/p><p>T\u1ea1i nh\u00e0 h\u00e0ng 12 Kitchen qu\u00fd kh\u00e1ch c\u00f3 th\u1ec3 th\u1ecfa th\u00edch th\u01b0\u1edfng th\u1ee9c buffet s\u00e1ng ho\u1eb7c t\u1ed1i v\u1edbi v\u00f4 v\u00e0n s\u1ef1 l\u1ef1a ch\u1ecdn t\u1eeb \u1ea9m th\u1ef1c t\u1eeb \u00c2u sang \u00c1, kh\u00f4ng gian r\u1ed9ng m\u1edf v\u1edbi t\u1ea7m nh\u00ecn th\u00e0nh ph\u1ed1 nh\u1ed9n nh\u1ecbp. Khu v\u1ef1c b\u1ebfp m\u1edf mang \u0111\u1ebfn cho th\u1ef1c kh\u00e1ch tr\u1ea3i nghi\u1ec7m ch\u00e2n th\u1ef1c khi c\u00e1c \u0111\u1ea7u b\u1ebfp th\u1ec3 hi\u1ec7n t\u00e0i n\u0103ng ch\u1ebf bi\u1ebfn c\u00e1c m\u00f3n \u0103n \u0111\u1ed9c \u0111\u00e1o<\/p><p><strong><u>Sunset Bar<\/u><\/strong><\/p><p>T\u1eadn h\u01b0\u1edfng b\u1ea7u kh\u00f4ng kh\u00ed trong l\u00e0nh tr\u00ean t\u1ea7ng cao\u00a0 t\u1ea1i Sunset Bar, t\u1ea7ng 28.<\/p><p>C\u00f2n g\u00ec tuy\u1ec7t h\u01a1n khi v\u1eeba chi\u00eam ng\u01b0\u1ee1ng c\u1ea3nh ho\u00e0ng h\u00f4n d\u1ea7n bu\u00f4ng xu\u1ed1ng th\u00e0nh ph\u1ed1 tr\u00ean n\u1ec1n nh\u1ea1c n\u1ec1n n\u00e3, v\u1eeba th\u01b0\u1edfng th\u1ee9c ly cocktail \u0111\u1eb7c tr\u01b0ng v\u00e0 c\u00e1c m\u00f3n \u0103n nh\u1eb9.<\/p><p>Sunset Bar ph\u1ee5c v\u1ee5 t\u1eeb 8 gi\u1edd s\u00e1ng \u0111\u1ebfn 7 gi\u1edd t\u1ed1i<\/p><p><strong><u>Maichosie Caf\u00e9<\/u><\/strong><\/p><p>Maichosie Caf\u00e9 t\u1ecda l\u1ea1c t\u1ea1i t\u1ea7ng 1, qu\u00e1n c\u00e0 ph\u00ea mang ph\u00f3ng c\u00e1ch hi\u1ec7n \u0111\u1ea1i v\u1edbi nhi\u1ec1u \u0111i\u1ec3m ch\u1ea5m ph\u00e1 kh\u00f4ng ch\u1ec9 v\u1ec1 thi\u1ebft k\u1ebf m\u00e0 c\u00f2n v\u1ec1 th\u1ee9c u\u1ed1ng v\u00e0 th\u1ef1c \u0111\u01a1n m\u00f3n \u0103n \u0111a d\u1ea1ng. Kh\u00f4ng gian mang \u0111\u1ebfn s\u1ef1 k\u1ebft n\u1ed1i, t\u00e1i t\u1ea1o n\u0103ng l\u01b0\u1ee3ng cho ng\u00e0y c\u1ee7a b\u1ea1n th\u00eam k\u00ec th\u00fa.<\/p><p>\u00a0<\/p>\t\t\t\t\t\t\t\t<\/div>\n\t\t\t\t<\/div>\n\t\t\t\t\t<\/div>\n\t\t<\/div>\n\t\t\t\t\t<\/div>\n\t\t<\/section>\n\t\t\t\t<\/div>\n\t\t","protected":false},"excerpt":{"rendered":"<p>\u1ea8M TH\u1ef0C \u1ea8M TH\u1ef0C 1 2 Kh\u00e1ch s\u1ea1n December mang \u0111\u1ebfn nh\u1eefng tr\u1ea3i nghi\u1ec7m \u1ea9m th\u1ef1c m\u1edbi l\u1ea1, th\u1ef1c \u0111\u01a1n phong ph\u00fa t\u1eeb \u1ea9m th\u1ef1c qu\u1ed1c t\u1ebf \u0111\u1ebfn c\u00e1c m\u00f3n \u0103n truy\u1ec1n th\u1ed1ng \u0111\u1ecba ph\u01b0\u01a1ng, tr\u1ea3i nghi\u1ec7m t\u1ea1i kh\u00f4ng gian [&hellip;]<\/p>\n","protected":false},"author":2,"featured_media":0,"parent":0,"menu_order":0,"comment_status":"closed","ping_status":"closed","template":"","meta":{"footnotes":""},"class_list":["post-4403","page","type-page","status-publish","hentry"],"yoast_head":"<!-- This site is optimized with the Yoast SEO plugin v24.3 - https:\/\/yoast.com\/wordpress\/plugins\/seo\/ -->\n<title>\u1ea8m Th\u1ef1c - December Hotel<\/title>\n<meta name=\"robots\" content=\"noindex, follow, max-snippet:-1, max-image-preview:large, max-video-preview:-1\" \/>\n<meta property=\"og:locale\" content=\"vi_VN\" \/>\n<meta property=\"og:type\" content=\"article\" \/>\n<meta property=\"og:title\" content=\"\u1ea8m Th\u1ef1c - December Hotel\" \/>\n<meta property=\"og:description\" content=\"\u1ea8M TH\u1ef0C \u1ea8M TH\u1ef0C 1 2 Kh\u00e1ch s\u1ea1n December mang \u0111\u1ebfn nh\u1eefng tr\u1ea3i nghi\u1ec7m \u1ea9m th\u1ef1c m\u1edbi l\u1ea1, th\u1ef1c \u0111\u01a1n phong ph\u00fa t\u1eeb \u1ea9m th\u1ef1c qu\u1ed1c t\u1ebf \u0111\u1ebfn c\u00e1c m\u00f3n \u0103n truy\u1ec1n th\u1ed1ng \u0111\u1ecba ph\u01b0\u01a1ng, tr\u1ea3i nghi\u1ec7m t\u1ea1i kh\u00f4ng gian [&hellip;]\" \/>\n<meta property=\"og:url\" content=\"https:\/\/decemberhotel.vn\/vi\/elementor-4403\/\" \/>\n<meta property=\"og:site_name\" content=\"December Hotel\" \/>\n<meta property=\"article:publisher\" content=\"https:\/\/www.facebook.com\/thedecemberhotel\" \/>\n<meta property=\"article:modified_time\" content=\"2024-05-15T03:59:26+00:00\" \/>\n<meta property=\"og:image\" content=\"https:\/\/decemberhotel.vn\/wp-content\/uploads\/2023\/02\/56-1-scaled.jpg\" \/>\n<meta name=\"twitter:card\" content=\"summary_large_image\" \/>\n<meta name=\"twitter:label1\" content=\"Est. reading time\" \/>\n\t<meta name=\"twitter:data1\" content=\"2 minutes\" \/>\n<script type=\"application\/ld+json\" class=\"yoast-schema-graph\">{\"@context\":\"https:\/\/schema.org\",\"@graph\":[{\"@type\":\"WebPage\",\"@id\":\"https:\/\/decemberhotel.vn\/vi\/elementor-4403\/\",\"url\":\"https:\/\/decemberhotel.vn\/vi\/elementor-4403\/\",\"name\":\"\u1ea8m Th\u1ef1c - December Hotel\",\"isPartOf\":{\"@id\":\"https:\/\/decemberhotel.vn\/vi\/#website\"},\"primaryImageOfPage\":{\"@id\":\"https:\/\/decemberhotel.vn\/vi\/elementor-4403\/#primaryimage\"},\"image\":{\"@id\":\"https:\/\/decemberhotel.vn\/vi\/elementor-4403\/#primaryimage\"},\"thumbnailUrl\":\"https:\/\/decemberhotel.vn\/wp-content\/uploads\/2023\/02\/56-1-scaled.jpg\",\"datePublished\":\"2022-07-03T09:17:02+00:00\",\"dateModified\":\"2024-05-15T03:59:26+00:00\",\"breadcrumb\":{\"@id\":\"https:\/\/decemberhotel.vn\/vi\/elementor-4403\/#breadcrumb\"},\"inLanguage\":\"vi-VN\",\"potentialAction\":[{\"@type\":\"ReadAction\",\"target\":[\"https:\/\/decemberhotel.vn\/vi\/elementor-4403\/\"]}]},{\"@type\":\"ImageObject\",\"inLanguage\":\"vi-VN\",\"@id\":\"https:\/\/decemberhotel.vn\/vi\/elementor-4403\/#primaryimage\",\"url\":\"https:\/\/decemberhotel.vn\/wp-content\/uploads\/2023\/02\/56-1-scaled.jpg\",\"contentUrl\":\"https:\/\/decemberhotel.vn\/wp-content\/uploads\/2023\/02\/56-1-scaled.jpg\"},{\"@type\":\"BreadcrumbList\",\"@id\":\"https:\/\/decemberhotel.vn\/vi\/elementor-4403\/#breadcrumb\",\"itemListElement\":[{\"@type\":\"ListItem\",\"position\":1,\"name\":\"Home\",\"item\":\"https:\/\/decemberhotel.vn\/vi\/\"},{\"@type\":\"ListItem\",\"position\":2,\"name\":\"\u1ea8m Th\u1ef1c\"}]},{\"@type\":\"WebSite\",\"@id\":\"https:\/\/decemberhotel.vn\/vi\/#website\",\"url\":\"https:\/\/decemberhotel.vn\/vi\/\",\"name\":\"December Hotel\",\"description\":\"December to Remember\",\"publisher\":{\"@id\":\"https:\/\/decemberhotel.vn\/vi\/#organization\"},\"potentialAction\":[{\"@type\":\"SearchAction\",\"target\":{\"@type\":\"EntryPoint\",\"urlTemplate\":\"https:\/\/decemberhotel.vn\/vi\/?s={search_term_string}\"},\"query-input\":{\"@type\":\"PropertyValueSpecification\",\"valueRequired\":true,\"valueName\":\"search_term_string\"}}],\"inLanguage\":\"vi-VN\"},{\"@type\":\"Organization\",\"@id\":\"https:\/\/decemberhotel.vn\/vi\/#organization\",\"name\":\"December Hotel\",\"url\":\"https:\/\/decemberhotel.vn\/vi\/\",\"logo\":{\"@type\":\"ImageObject\",\"inLanguage\":\"vi-VN\",\"@id\":\"https:\/\/decemberhotel.vn\/vi\/#\/schema\/logo\/image\/\",\"url\":\"https:\/\/decemberhotel.vn\/wp-content\/uploads\/2022\/12\/logo3.png\",\"contentUrl\":\"https:\/\/decemberhotel.vn\/wp-content\/uploads\/2022\/12\/logo3.png\",\"width\":1407,\"height\":699,\"caption\":\"December Hotel\"},\"image\":{\"@id\":\"https:\/\/decemberhotel.vn\/vi\/#\/schema\/logo\/image\/\"},\"sameAs\":[\"https:\/\/www.facebook.com\/thedecemberhotel\",\"https:\/\/www.instagram.com\/decemberhotelnhatrang\/\"]}]}<\/script>\n<!-- \/ Yoast SEO plugin. -->","yoast_head_json":{"title":"\u1ea8m Th\u1ef1c - December Hotel","robots":{"index":"noindex","follow":"follow","max-snippet":"max-snippet:-1","max-image-preview":"max-image-preview:large","max-video-preview":"max-video-preview:-1"},"og_locale":"vi_VN","og_type":"article","og_title":"\u1ea8m Th\u1ef1c - December Hotel","og_description":"\u1ea8M TH\u1ef0C \u1ea8M TH\u1ef0C 1 2 Kh\u00e1ch s\u1ea1n December mang \u0111\u1ebfn nh\u1eefng tr\u1ea3i nghi\u1ec7m \u1ea9m th\u1ef1c m\u1edbi l\u1ea1, th\u1ef1c \u0111\u01a1n phong ph\u00fa t\u1eeb \u1ea9m th\u1ef1c qu\u1ed1c t\u1ebf \u0111\u1ebfn c\u00e1c m\u00f3n \u0103n truy\u1ec1n th\u1ed1ng \u0111\u1ecba ph\u01b0\u01a1ng, tr\u1ea3i nghi\u1ec7m t\u1ea1i kh\u00f4ng gian [&hellip;]","og_url":"https:\/\/decemberhotel.vn\/vi\/elementor-4403\/","og_site_name":"December Hotel","article_publisher":"https:\/\/www.facebook.com\/thedecemberhotel","article_modified_time":"2024-05-15T03:59:26+00:00","og_image":[{"url":"https:\/\/decemberhotel.vn\/wp-content\/uploads\/2023\/02\/56-1-scaled.jpg","type":"","width":"","height":""}],"twitter_card":"summary_large_image","twitter_misc":{"Est. reading time":"2 minutes"},"schema":{"@context":"https:\/\/schema.org","@graph":[{"@type":"WebPage","@id":"https:\/\/decemberhotel.vn\/vi\/elementor-4403\/","url":"https:\/\/decemberhotel.vn\/vi\/elementor-4403\/","name":"\u1ea8m Th\u1ef1c - December Hotel","isPartOf":{"@id":"https:\/\/decemberhotel.vn\/vi\/#website"},"primaryImageOfPage":{"@id":"https:\/\/decemberhotel.vn\/vi\/elementor-4403\/#primaryimage"},"image":{"@id":"https:\/\/decemberhotel.vn\/vi\/elementor-4403\/#primaryimage"},"thumbnailUrl":"https:\/\/decemberhotel.vn\/wp-content\/uploads\/2023\/02\/56-1-scaled.jpg","datePublished":"2022-07-03T09:17:02+00:00","dateModified":"2024-05-15T03:59:26+00:00","breadcrumb":{"@id":"https:\/\/decemberhotel.vn\/vi\/elementor-4403\/#breadcrumb"},"inLanguage":"vi-VN","potentialAction":[{"@type":"ReadAction","target":["https:\/\/decemberhotel.vn\/vi\/elementor-4403\/"]}]},{"@type":"ImageObject","inLanguage":"vi-VN","@id":"https:\/\/decemberhotel.vn\/vi\/elementor-4403\/#primaryimage","url":"https:\/\/decemberhotel.vn\/wp-content\/uploads\/2023\/02\/56-1-scaled.jpg","contentUrl":"https:\/\/decemberhotel.vn\/wp-content\/uploads\/2023\/02\/56-1-scaled.jpg"},{"@type":"BreadcrumbList","@id":"https:\/\/decemberhotel.vn\/vi\/elementor-4403\/#breadcrumb","itemListElement":[{"@type":"ListItem","position":1,"name":"Home","item":"https:\/\/decemberhotel.vn\/vi\/"},{"@type":"ListItem","position":2,"name":"\u1ea8m Th\u1ef1c"}]},{"@type":"WebSite","@id":"https:\/\/decemberhotel.vn\/vi\/#website","url":"https:\/\/decemberhotel.vn\/vi\/","name":"December Hotel","description":"December to Remember","publisher":{"@id":"https:\/\/decemberhotel.vn\/vi\/#organization"},"potentialAction":[{"@type":"SearchAction","target":{"@type":"EntryPoint","urlTemplate":"https:\/\/decemberhotel.vn\/vi\/?s={search_term_string}"},"query-input":{"@type":"PropertyValueSpecification","valueRequired":true,"valueName":"search_term_string"}}],"inLanguage":"vi-VN"},{"@type":"Organization","@id":"https:\/\/decemberhotel.vn\/vi\/#organization","name":"December Hotel","url":"https:\/\/decemberhotel.vn\/vi\/","logo":{"@type":"ImageObject","inLanguage":"vi-VN","@id":"https:\/\/decemberhotel.vn\/vi\/#\/schema\/logo\/image\/","url":"https:\/\/decemberhotel.vn\/wp-content\/uploads\/2022\/12\/logo3.png","contentUrl":"https:\/\/decemberhotel.vn\/wp-content\/uploads\/2022\/12\/logo3.png","width":1407,"height":699,"caption":"December Hotel"},"image":{"@id":"https:\/\/decemberhotel.vn\/vi\/#\/schema\/logo\/image\/"},"sameAs":["https:\/\/www.facebook.com\/thedecemberhotel","https:\/\/www.instagram.com\/decemberhotelnhatrang\/"]}]}},"_links":{"self":[{"href":"https:\/\/decemberhotel.vn\/vi\/wp-json\/wp\/v2\/pages\/4403","targetHints":{"allow":["GET"]}}],"collection":[{"href":"https:\/\/decemberhotel.vn\/vi\/wp-json\/wp\/v2\/pages"}],"about":[{"href":"https:\/\/decemberhotel.vn\/vi\/wp-json\/wp\/v2\/types\/page"}],"author":[{"embeddable":true,"href":"https:\/\/decemberhotel.vn\/vi\/wp-json\/wp\/v2\/users\/2"}],"replies":[{"embeddable":true,"href":"https:\/\/decemberhotel.vn\/vi\/wp-json\/wp\/v2\/comments?post=4403"}],"version-history":[{"count":16,"href":"https:\/\/decemberhotel.vn\/vi\/wp-json\/wp\/v2\/pages\/4403\/revisions"}],"predecessor-version":[{"id":5991,"href":"https:\/\/decemberhotel.vn\/vi\/wp-json\/wp\/v2\/pages\/4403\/revisions\/5991"}],"wp:attachment":[{"href":"https:\/\/decemberhotel.vn\/vi\/wp-json\/wp\/v2\/media?parent=4403"}],"curies":[{"name":"wp","href":"https:\/\/api.w.org\/{rel}","templated":true}]}}